{"id":672,"date":"2022-05-27T01:40:22","date_gmt":"2022-05-27T04:40:22","guid":{"rendered":"https:\/\/wordpress-419504-2652238.cloudwaysapps.com\/domlog\/"},"modified":"2022-06-20T09:39:07","modified_gmt":"2022-06-20T12:39:07","slug":"domlog","status":"publish","type":"page","link":"https:\/\/domlog.com.br\/es\/","title":{"rendered":"Domlog"},"content":{"rendered":"","protected":false},"excerpt":{"rendered":"","protected":false},"author":1,"featured_media":0,"parent":0,"menu_order":0,"comment_status":"closed","ping_status":"closed","template":"index.php","meta":{"inline_featured_image":false},"acf":[],"yoast_head":"<!-- This site is optimized with the Yoast SEO plugin v19.6.1 - https:\/\/yoast.com\/wordpress\/plugins\/seo\/ -->\n<title>Domlog - \u00a1Usted conf\u00eda, nosotros cuidamos de su log\u00edstica!<\/title>\n<meta name=\"description\" content=\"Cuidamos de todo el proceso de importaci\u00f3n y exportaci\u00f3n, moviendo productos de cualquier lugar del mundo hacia el destino elegido.\" \/>\n<meta name=\"robots\" content=\"index, follow, max-snippet:-1, max-image-preview:large, max-video-preview:-1\" \/>\n<link rel=\"canonical\" href=\"https:\/\/domlog.com.br\/es\/\" \/>\n<meta property=\"og:locale\" content=\"es_ES\" \/>\n<meta property=\"og:type\" content=\"article\" \/>\n<meta property=\"og:title\" content=\"Domlog - \u00a1Usted conf\u00eda, nosotros cuidamos de su log\u00edstica!\" \/>\n<meta property=\"og:description\" content=\"Cuidamos de todo el proceso de importaci\u00f3n y exportaci\u00f3n, moviendo productos de cualquier lugar del mundo hacia el destino elegido.\" \/>\n<meta property=\"og:url\" content=\"https:\/\/domlog.com.br\/es\/\" \/>\n<meta property=\"og:site_name\" content=\"Domlog\" \/>\n<meta property=\"article:publisher\" content=\"https:\/\/facebook.com\/domlogistics\/\" \/>\n<meta property=\"article:modified_time\" content=\"2022-06-20T12:39:07+00:00\" \/>\n<meta property=\"og:image\" content=\"https:\/\/domlog.com.br\/wp-content\/uploads\/2022\/05\/domlog-exportacao.jpg\" \/>\n\t<meta property=\"og:image:width\" content=\"1900\" \/>\n\t<meta property=\"og:image:height\" content=\"991\" \/>\n\t<meta property=\"og:image:type\" content=\"image\/jpeg\" \/>\n<meta name=\"twitter:card\" content=\"summary_large_image\" \/>\n<meta name=\"twitter:title\" content=\"Domlog - \u00a1Usted conf\u00eda, nosotros cuidamos de su log\u00edstica!\" \/>\n<meta name=\"twitter:description\" content=\"Cuidamos de todo el proceso de importaci\u00f3n y exportaci\u00f3n, moviendo productos de cualquier lugar del mundo hacia el destino elegido.\" \/>\n<script type=\"application\/ld+json\" class=\"yoast-schema-graph\">{\"@context\":\"https:\/\/schema.org\",\"@graph\":[{\"@type\":\"WebPage\",\"@id\":\"https:\/\/domlog.com.br\/es\/\",\"url\":\"https:\/\/domlog.com.br\/es\/\",\"name\":\"Domlog - \u00a1Usted conf\u00eda, nosotros cuidamos de su log\u00edstica!\",\"isPartOf\":{\"@id\":\"https:\/\/domlog.com.br\/#website\"},\"datePublished\":\"2022-05-27T04:40:22+00:00\",\"dateModified\":\"2022-06-20T12:39:07+00:00\",\"description\":\"Cuidamos de todo el proceso de importaci\u00f3n y exportaci\u00f3n, moviendo productos de cualquier lugar del mundo hacia el destino elegido.\",\"breadcrumb\":{\"@id\":\"https:\/\/domlog.com.br\/es\/#breadcrumb\"},\"inLanguage\":\"es\",\"potentialAction\":[{\"@type\":\"ReadAction\",\"target\":[\"https:\/\/domlog.com.br\/es\/\"]}]},{\"@type\":\"BreadcrumbList\",\"@id\":\"https:\/\/domlog.com.br\/es\/#breadcrumb\",\"itemListElement\":[{\"@type\":\"ListItem\",\"position\":1,\"name\":\"Home\",\"item\":\"https:\/\/domlog.com.br\/es\/\"},{\"@type\":\"ListItem\",\"position\":2,\"name\":\"Domlog\"}]},{\"@type\":\"WebSite\",\"@id\":\"https:\/\/domlog.com.br\/#website\",\"url\":\"https:\/\/domlog.com.br\/\",\"name\":\"Domlog\",\"description\":\"Servi\u00e7os especializados em log\u00edstica\",\"publisher\":{\"@id\":\"https:\/\/domlog.com.br\/#organization\"},\"potentialAction\":[{\"@type\":\"SearchAction\",\"target\":{\"@type\":\"EntryPoint\",\"urlTemplate\":\"https:\/\/domlog.com.br\/?s={search_term_string}\"},\"query-input\":\"required name=search_term_string\"}],\"inLanguage\":\"es\"},{\"@type\":\"Organization\",\"@id\":\"https:\/\/domlog.com.br\/#organization\",\"name\":\"Domlog\",\"url\":\"https:\/\/domlog.com.br\/\",\"sameAs\":[\"https:\/\/www.linkedin.com\/company\/dom-logistics\/\",\"https:\/\/www.instagram.com\/domlog_oficial\/\",\"https:\/\/facebook.com\/domlogistics\/\"],\"logo\":{\"@type\":\"ImageObject\",\"inLanguage\":\"es\",\"@id\":\"https:\/\/domlog.com.br\/#\/schema\/logo\/image\/\",\"url\":\"https:\/\/domlog.com.br\/wp-content\/uploads\/2022\/05\/logo-domlog.svg\",\"contentUrl\":\"https:\/\/domlog.com.br\/wp-content\/uploads\/2022\/05\/logo-domlog.svg\",\"width\":183,\"height\":41,\"caption\":\"Domlog\"},\"image\":{\"@id\":\"https:\/\/domlog.com.br\/#\/schema\/logo\/image\/\"}}]}<\/script>\n<!-- \/ Yoast SEO plugin. -->","yoast_head_json":{"title":"Domlog - \u00a1Usted conf\u00eda, nosotros cuidamos de su log\u00edstica!","description":"Cuidamos de todo el proceso de importaci\u00f3n y exportaci\u00f3n, moviendo productos de cualquier lugar del mundo hacia el destino elegido.","robots":{"index":"index","follow":"follow","max-snippet":"max-snippet:-1","max-image-preview":"max-image-preview:large","max-video-preview":"max-video-preview:-1"},"canonical":"https:\/\/domlog.com.br\/es\/","og_locale":"es_ES","og_type":"article","og_title":"Domlog - \u00a1Usted conf\u00eda, nosotros cuidamos de su log\u00edstica!","og_description":"Cuidamos de todo el proceso de importaci\u00f3n y exportaci\u00f3n, moviendo productos de cualquier lugar del mundo hacia el destino elegido.","og_url":"https:\/\/domlog.com.br\/es\/","og_site_name":"Domlog","article_publisher":"https:\/\/facebook.com\/domlogistics\/","article_modified_time":"2022-06-20T12:39:07+00:00","og_image":[{"width":1900,"height":991,"url":"https:\/\/domlog.com.br\/wp-content\/uploads\/2022\/05\/domlog-exportacao.jpg","type":"image\/jpeg"}],"twitter_card":"summary_large_image","twitter_title":"Domlog - \u00a1Usted conf\u00eda, nosotros cuidamos de su log\u00edstica!","twitter_description":"Cuidamos de todo el proceso de importaci\u00f3n y exportaci\u00f3n, moviendo productos de cualquier lugar del mundo hacia el destino elegido.","schema":{"@context":"https:\/\/schema.org","@graph":[{"@type":"WebPage","@id":"https:\/\/domlog.com.br\/es\/","url":"https:\/\/domlog.com.br\/es\/","name":"Domlog - \u00a1Usted conf\u00eda, nosotros cuidamos de su log\u00edstica!","isPartOf":{"@id":"https:\/\/domlog.com.br\/#website"},"datePublished":"2022-05-27T04:40:22+00:00","dateModified":"2022-06-20T12:39:07+00:00","description":"Cuidamos de todo el proceso de importaci\u00f3n y exportaci\u00f3n, moviendo productos de cualquier lugar del mundo hacia el destino elegido.","breadcrumb":{"@id":"https:\/\/domlog.com.br\/es\/#breadcrumb"},"inLanguage":"es","potentialAction":[{"@type":"ReadAction","target":["https:\/\/domlog.com.br\/es\/"]}]},{"@type":"BreadcrumbList","@id":"https:\/\/domlog.com.br\/es\/#breadcrumb","itemListElement":[{"@type":"ListItem","position":1,"name":"Home","item":"https:\/\/domlog.com.br\/es\/"},{"@type":"ListItem","position":2,"name":"Domlog"}]},{"@type":"WebSite","@id":"https:\/\/domlog.com.br\/#website","url":"https:\/\/domlog.com.br\/","name":"Domlog","description":"Servi\u00e7os especializados em log\u00edstica","publisher":{"@id":"https:\/\/domlog.com.br\/#organization"},"potentialAction":[{"@type":"SearchAction","target":{"@type":"EntryPoint","urlTemplate":"https:\/\/domlog.com.br\/?s={search_term_string}"},"query-input":"required name=search_term_string"}],"inLanguage":"es"},{"@type":"Organization","@id":"https:\/\/domlog.com.br\/#organization","name":"Domlog","url":"https:\/\/domlog.com.br\/","sameAs":["https:\/\/www.linkedin.com\/company\/dom-logistics\/","https:\/\/www.instagram.com\/domlog_oficial\/","https:\/\/facebook.com\/domlogistics\/"],"logo":{"@type":"ImageObject","inLanguage":"es","@id":"https:\/\/domlog.com.br\/#\/schema\/logo\/image\/","url":"https:\/\/domlog.com.br\/wp-content\/uploads\/2022\/05\/logo-domlog.svg","contentUrl":"https:\/\/domlog.com.br\/wp-content\/uploads\/2022\/05\/logo-domlog.svg","width":183,"height":41,"caption":"Domlog"},"image":{"@id":"https:\/\/domlog.com.br\/#\/schema\/logo\/image\/"}}]}},"_links":{"self":[{"href":"https:\/\/domlog.com.br\/es\/wp-json\/wp\/v2\/pages\/672"}],"collection":[{"href":"https:\/\/domlog.com.br\/es\/wp-json\/wp\/v2\/pages"}],"about":[{"href":"https:\/\/domlog.com.br\/es\/wp-json\/wp\/v2\/types\/page"}],"author":[{"embeddable":true,"href":"https:\/\/domlog.com.br\/es\/wp-json\/wp\/v2\/users\/1"}],"replies":[{"embeddable":true,"href":"https:\/\/domlog.com.br\/es\/wp-json\/wp\/v2\/comments?post=672"}],"version-history":[{"count":13,"href":"https:\/\/domlog.com.br\/es\/wp-json\/wp\/v2\/pages\/672\/revisions"}],"predecessor-version":[{"id":1637,"href":"https:\/\/domlog.com.br\/es\/wp-json\/wp\/v2\/pages\/672\/revisions\/1637"}],"wp:attachment":[{"href":"https:\/\/domlog.com.br\/es\/wp-json\/wp\/v2\/media?parent=672"}],"curies":[{"name":"wp","href":"https:\/\/api.w.org\/{rel}","templated":true}]}}